{"id":18,"date":"2018-10-21T11:08:09","date_gmt":"2018-10-21T11:08:09","guid":{"rendered":"https:\/\/dev.cdfd.ro\/?page_id=18"},"modified":"2020-02-26T14:43:28","modified_gmt":"2020-02-26T12:43:28","slug":"contact","status":"publish","type":"page","link":"https:\/\/www.dev.cdfd.ro\/en\/contact\/","title":{"rendered":"Contact"},"content":{"rendered":"<figure id=\"attachment_868\" aria-describedby=\"caption-attachment-868\" style=\"width: 640px\" class=\"wp-caption aligncenter\"><img decoding=\"async\" loading=\"lazy\" class=\"wp-image-868 size-large\" src=\"https:\/\/dev.cdfd.ro\/wp-content\/uploads\/2020\/02\/black-sea03-1-1024x683.jpg\" alt=\"\" width=\"640\" height=\"427\" srcset=\"https:\/\/www.dev.cdfd.ro\/wp-content\/uploads\/2020\/02\/black-sea03-1-1024x683.jpg 1024w, https:\/\/www.dev.cdfd.ro\/wp-content\/uploads\/2020\/02\/black-sea03-1-300x200.jpg 300w, https:\/\/www.dev.cdfd.ro\/wp-content\/uploads\/2020\/02\/black-sea03-1-768x512.jpg 768w, https:\/\/www.dev.cdfd.ro\/wp-content\/uploads\/2020\/02\/black-sea03-1.jpg 1200w\" sizes=\"(max-width: 640px) 100vw, 640px\" \/><figcaption id=\"caption-attachment-868\" class=\"wp-caption-text\">Krapets, Bulgaria, from the Black Sea\/Petrut Calinescu<\/figcaption><\/figure>\r\n<hr \/>\r\n<p>For the moment we publish only stories done in Romania and Moldovian Republic. If you wish to say \"hi\", drop a line, share a story with us, please   write us. Thanks!<\/p>\r\n<div class=\"wpb_text_column wpb_content_element\">\r\n<div class=\"wpb_wrapper\">\r\n<p><b>contact@cdfd.ro<\/b><\/p>\r\n<\/div>\r\n<\/div>\r\n\r\n<p>&nbsp;<\/p>","protected":false},"excerpt":{"rendered":"<p>Scrie-ne, dac\u0103 vrei s\u0103 contribui cu o sugestie de fotograf, carte sau poveste. Dac\u0103 vrei s\u0103 ne [&hellip;]<\/p>","protected":false},"author":1,"featured_media":0,"parent":0,"menu_order":0,"comment_status":"closed","ping_status":"closed","template":"","meta":{"footnotes":""},"acf":[],"yoast_head":"<!-- This site is optimized with the Yoast SEO plugin v20.13 - https:\/\/yoast.com\/wordpress\/plugins\/seo\/ -->\n<title>Contact - Centrul de Fotografie Documentar\u0103<\/title>\n<meta name=\"robots\" content=\"index, follow, max-snippet:-1, max-image-preview:large, max-video-preview:-1\" \/>\n<link rel=\"canonical\" href=\"https:\/\/dev.cdfd.ro\/contact\/\" \/>\n<meta property=\"og:locale\" content=\"en_US\" \/>\n<meta property=\"og:type\" content=\"article\" \/>\n<meta property=\"og:title\" content=\"Contact - Centrul de Fotografie Documentar\u0103\" \/>\n<meta property=\"og:description\" content=\"Scrie-ne, dac\u0103 vrei s\u0103 contribui cu o sugestie de fotograf, carte sau poveste. Dac\u0103 vrei s\u0103 ne [&hellip;]\" \/>\n<meta property=\"og:url\" content=\"https:\/\/dev.cdfd.ro\/contact\/\" \/>\n<meta property=\"og:site_name\" content=\"Centrul de Fotografie Documentar\u0103\" \/>\n<meta property=\"article:modified_time\" content=\"2020-02-26T12:43:28+00:00\" \/>\n<meta property=\"og:image\" content=\"https:\/\/dev.cdfd.ro\/wp-content\/uploads\/2020\/02\/black-sea03-1-1024x683.jpg\" \/>\n<meta name=\"twitter:card\" content=\"summary_large_image\" \/>\n<script type=\"application\/ld+json\" class=\"yoast-schema-graph\">{\"@context\":\"https:\/\/schema.org\",\"@graph\":[{\"@type\":\"WebPage\",\"@id\":\"https:\/\/dev.cdfd.ro\/contact\/\",\"url\":\"https:\/\/dev.cdfd.ro\/contact\/\",\"name\":\"Contact - Centrul de Fotografie Documentar\u0103\",\"isPartOf\":{\"@id\":\"https:\/\/www.dev.cdfd.ro\/#website\"},\"datePublished\":\"2018-10-21T11:08:09+00:00\",\"dateModified\":\"2020-02-26T12:43:28+00:00\",\"inLanguage\":\"en-US\",\"potentialAction\":[{\"@type\":\"ReadAction\",\"target\":[\"https:\/\/dev.cdfd.ro\/contact\/\"]}]},{\"@type\":\"WebSite\",\"@id\":\"https:\/\/www.dev.cdfd.ro\/#website\",\"url\":\"https:\/\/www.dev.cdfd.ro\/\",\"name\":\"Centrul de Fotografie Documentar\u0103\",\"description\":\"Proiecte de fotografie documentar\u0103\",\"potentialAction\":[{\"@type\":\"SearchAction\",\"target\":{\"@type\":\"EntryPoint\",\"urlTemplate\":\"https:\/\/www.dev.cdfd.ro\/?s={search_term_string}\"},\"query-input\":\"required name=search_term_string\"}],\"inLanguage\":\"en-US\"}]}<\/script>\n<!-- \/ Yoast SEO plugin. -->","yoast_head_json":{"title":"Contact - Centrul de Fotografie Documentar\u0103","robots":{"index":"index","follow":"follow","max-snippet":"max-snippet:-1","max-image-preview":"max-image-preview:large","max-video-preview":"max-video-preview:-1"},"canonical":"https:\/\/dev.cdfd.ro\/contact\/","og_locale":"en_US","og_type":"article","og_title":"Contact - Centrul de Fotografie Documentar\u0103","og_description":"Scrie-ne, dac\u0103 vrei s\u0103 contribui cu o sugestie de fotograf, carte sau poveste. Dac\u0103 vrei s\u0103 ne [&hellip;]","og_url":"https:\/\/dev.cdfd.ro\/contact\/","og_site_name":"Centrul de Fotografie Documentar\u0103","article_modified_time":"2020-02-26T12:43:28+00:00","og_image":[{"url":"https:\/\/dev.cdfd.ro\/wp-content\/uploads\/2020\/02\/black-sea03-1-1024x683.jpg"}],"twitter_card":"summary_large_image","schema":{"@context":"https:\/\/schema.org","@graph":[{"@type":"WebPage","@id":"https:\/\/dev.cdfd.ro\/contact\/","url":"https:\/\/dev.cdfd.ro\/contact\/","name":"Contact - Centrul de Fotografie Documentar\u0103","isPartOf":{"@id":"https:\/\/www.dev.cdfd.ro\/#website"},"datePublished":"2018-10-21T11:08:09+00:00","dateModified":"2020-02-26T12:43:28+00:00","inLanguage":"en-US","potentialAction":[{"@type":"ReadAction","target":["https:\/\/dev.cdfd.ro\/contact\/"]}]},{"@type":"WebSite","@id":"https:\/\/www.dev.cdfd.ro\/#website","url":"https:\/\/www.dev.cdfd.ro\/","name":"Centrul de Fotografie Documentar\u0103","description":"Proiecte de fotografie documentar\u0103","potentialAction":[{"@type":"SearchAction","target":{"@type":"EntryPoint","urlTemplate":"https:\/\/www.dev.cdfd.ro\/?s={search_term_string}"},"query-input":"required name=search_term_string"}],"inLanguage":"en-US"}]}},"_links":{"self":[{"href":"https:\/\/www.dev.cdfd.ro\/en\/wp-json\/wp\/v2\/pages\/18"}],"collection":[{"href":"https:\/\/www.dev.cdfd.ro\/en\/wp-json\/wp\/v2\/pages"}],"about":[{"href":"https:\/\/www.dev.cdfd.ro\/en\/wp-json\/wp\/v2\/types\/page"}],"author":[{"embeddable":true,"href":"https:\/\/www.dev.cdfd.ro\/en\/wp-json\/wp\/v2\/users\/1"}],"replies":[{"embeddable":true,"href":"https:\/\/www.dev.cdfd.ro\/en\/wp-json\/wp\/v2\/comments?post=18"}],"version-history":[{"count":11,"href":"https:\/\/www.dev.cdfd.ro\/en\/wp-json\/wp\/v2\/pages\/18\/revisions"}],"predecessor-version":[{"id":1050,"href":"https:\/\/www.dev.cdfd.ro\/en\/wp-json\/wp\/v2\/pages\/18\/revisions\/1050"}],"wp:attachment":[{"href":"https:\/\/www.dev.cdfd.ro\/en\/wp-json\/wp\/v2\/media?parent=18"}],"curies":[{"name":"wp","href":"https:\/\/api.w.org\/{rel}","templated":true}]}}